{"id":3554,"date":"2024-06-21T07:34:40","date_gmt":"2024-06-21T05:34:40","guid":{"rendered":"https:\/\/futfutcollectif.fr\/?page_id=3554"},"modified":"2025-09-20T15:54:55","modified_gmt":"2025-09-20T13:54:55","slug":"projets-en-creation","status":"publish","type":"page","link":"https:\/\/futfutcollectif.fr\/index.php\/projets-en-creation\/","title":{"rendered":"PROJETS EN CREATION"},"content":{"rendered":"<div class=\"fusion-fullwidth fullwidth-box fusion-builder-row-1 fusion-flex-container nonhundred-percent-fullwidth non-hundred-percent-height-scrolling\" style=\"background-color: rgba(255,255,255,0);background-position: center center;background-repeat: no-repeat;border-width: 0px 0px 0px 0px;border-color:#e2e2e2;border-style:solid;\" ><div class=\"fusion-builder-row fusion-row fusion-flex-align-items-flex-start\" style=\"max-width:1248px;margin-left: calc(-4% \/ 2 );margin-right: calc(-4% \/ 2 );\"><div class=\"fusion-layout-column fusion_builder_column fusion-builder-column-0 fusion_builder_column_1_1 1_1 fusion-flex-column\"><div class=\"fusion-column-wrapper fusion-flex-justify-content-flex-start fusion-content-layout-column\" style=\"background-position:left top;background-repeat:no-repeat;-webkit-background-size:cover;-moz-background-size:cover;-o-background-size:cover;background-size:cover;padding: 0px 0px 0px 0px;\"><div class=\"fusion-recent-works fusion-portfolio-element fusion-portfolio fusion-portfolio-1 fusion-portfolio-grid fusion-portfolio-paging-pagination fusion-portfolio-two fusion-portfolio-no_text fusion-portfolio-rollover\" data-id=\"-rw-1\" data-columns=\"two\"><style type=\"text\/css\">.fusion-portfolio-1 .fusion-portfolio-wrapper .fusion-col-spacing{padding:15px;}<\/style><div class=\"fusion-portfolio-wrapper\" id=\"fusion-portfolio-1\" data-picturesize=\"fixed\" data-pages=\"1\" style=\"margin:-15px;\"><article id=\"portfolio-1-post-1994\" class=\"fusion-portfolio-post projets-en-creation spectacle fusion-col-spacing post-1994\"><div class=\"fusion-portfolio-content-wrapper\" style=\"border:none;\"><span class=\"entry-title rich-snippet-hidden\">DZIADEK _ Projet en Migration<\/span><span class=\"vcard rich-snippet-hidden\"><span class=\"fn\"><a href=\"https:\/\/futfutcollectif.fr\/index.php\/author\/admin1697\/\" title=\"Articles par admin1697\" rel=\"author\">admin1697<\/a><\/span><\/span><span class=\"updated rich-snippet-hidden\">2025-09-22T16:22:59+02:00<\/span>\n\n<div  class=\"fusion-image-wrapper fusion-image-size-fixed\" aria-haspopup=\"true\">\n\t\n\t\n\t\n\t\t\n\t\t\t\t\t<img decoding=\"async\" width=\"460\" height=\"292\" src=\"https:\/\/futfutcollectif.fr\/wp-content\/uploads\/2021\/06\/cheval-site-460x292.png\" class=\"attachment-portfolio-two size-portfolio-two wp-post-image\" alt=\"\" srcset=\"https:\/\/futfutcollectif.fr\/wp-content\/uploads\/2021\/06\/cheval-site-320x202.png 320w, https:\/\/futfutcollectif.fr\/wp-content\/uploads\/2021\/06\/cheval-site-460x292.png 460w\" sizes=\"(max-width: 460px) 100vw, 460px\" \/>\n\t\n\n\t\t<div class=\"fusion-rollover\">\n\t<div class=\"fusion-rollover-content\">\n\n\t\t\t\t\n\t\t\n\t\t\t\t\t\t\t\t\t\t\t\t<h4 class=\"fusion-rollover-title\">\n\t\t\t\t\t<a class=\"fusion-rollover-title-link\" href=\"https:\/\/futfutcollectif.fr\/index.php\/portfolio-items\/dziadek-en-creation\/?portfolioCats=58%2C15\">\n\t\t\t\t\t\tDZIADEK _ Projet en Migration\t\t\t\t\t<\/a>\n\t\t\t\t<\/h4>\n\t\t\t\n\t\t\t\t\t\t\t\t\n\t\t\n\t\t\t\t\t\t<a class=\"fusion-link-wrapper\" href=\"https:\/\/futfutcollectif.fr\/index.php\/portfolio-items\/dziadek-en-creation\/?portfolioCats=58%2C15\" aria-label=\"DZIADEK _ Projet en Migration\"><\/a>\n\t<\/div>\n<\/div>\n\n\t\n<\/div>\n<\/div><\/article><\/div><\/div><\/div><style type=\"text\/css\">.fusion-body .fusion-builder-column-0{width:100% !important;margin-top : 0px;margin-bottom : 20px;}.fusion-builder-column-0 > .fusion-column-wrapper {padding-top : 0px !important;padding-right : 0px !important;margin-right : 1.92%;padding-bottom : 0px !important;padding-left : 0px !important;margin-left : 1.92%;}@media only screen and (max-width:1024px) {.fusion-body .fusion-builder-column-0{width:100% !important;order : 0;}.fusion-builder-column-0 > .fusion-column-wrapper {margin-right : 1.92%;margin-left : 1.92%;}}@media only screen and (max-width:640px) {.fusion-body .fusion-builder-column-0{width:100% !important;order : 0;}.fusion-builder-column-0 > .fusion-column-wrapper {margin-right : 1.92%;margin-left : 1.92%;}}<\/style><\/div><\/div><style type=\"text\/css\">.fusion-body .fusion-flex-container.fusion-builder-row-1{ padding-top : 0px;margin-top : 0px;padding-right : 0px;padding-bottom : 0px;margin-bottom : 0px;padding-left : 0px;}<\/style><\/div>\n","protected":false},"excerpt":{"rendered":"","protected":false},"author":1,"featured_media":0,"parent":0,"menu_order":0,"comment_status":"closed","ping_status":"closed","template":"","meta":{"footnotes":""},"class_list":["post-3554","page","type-page","status-publish","hentry"],"yoast_head":"<!-- This site is optimized with the Yoast SEO plugin v23.5 - https:\/\/yoast.com\/wordpress\/plugins\/seo\/ -->\n<title>PROJETS EN CREATION - F\u00fct F\u00fct collectif<\/title>\n<meta name=\"robots\" content=\"index, follow, max-snippet:-1, max-image-preview:large, max-video-preview:-1\" \/>\n<link rel=\"canonical\" href=\"https:\/\/futfutcollectif.fr\/index.php\/projets-en-creation\/\" \/>\n<meta property=\"og:locale\" content=\"fr_FR\" \/>\n<meta property=\"og:type\" content=\"article\" \/>\n<meta property=\"og:title\" content=\"PROJETS EN CREATION - F\u00fct F\u00fct collectif\" \/>\n<meta property=\"og:url\" content=\"https:\/\/futfutcollectif.fr\/index.php\/projets-en-creation\/\" \/>\n<meta property=\"og:site_name\" content=\"F\u00fct F\u00fct collectif\" \/>\n<meta property=\"article:publisher\" content=\"https:\/\/www.facebook.com\/F%c3%bct-F%c3%bct-collectif-102157784486357\/\" \/>\n<meta property=\"article:modified_time\" content=\"2025-09-20T13:54:55+00:00\" \/>\n<meta name=\"twitter:card\" content=\"summary_large_image\" \/>\n<meta name=\"twitter:label1\" content=\"Dur\u00e9e de lecture estim\u00e9e\" \/>\n\t<meta name=\"twitter:data1\" content=\"2 minutes\" \/>\n<script type=\"application\/ld+json\" class=\"yoast-schema-graph\">{\"@context\":\"https:\/\/schema.org\",\"@graph\":[{\"@type\":\"WebPage\",\"@id\":\"https:\/\/futfutcollectif.fr\/index.php\/projets-en-creation\/\",\"url\":\"https:\/\/futfutcollectif.fr\/index.php\/projets-en-creation\/\",\"name\":\"PROJETS EN CREATION - F\u00fct F\u00fct collectif\",\"isPartOf\":{\"@id\":\"https:\/\/futfutcollectif.fr\/#website\"},\"datePublished\":\"2024-06-21T05:34:40+00:00\",\"dateModified\":\"2025-09-20T13:54:55+00:00\",\"breadcrumb\":{\"@id\":\"https:\/\/futfutcollectif.fr\/index.php\/projets-en-creation\/#breadcrumb\"},\"inLanguage\":\"fr-FR\",\"potentialAction\":[{\"@type\":\"ReadAction\",\"target\":[\"https:\/\/futfutcollectif.fr\/index.php\/projets-en-creation\/\"]}]},{\"@type\":\"BreadcrumbList\",\"@id\":\"https:\/\/futfutcollectif.fr\/index.php\/projets-en-creation\/#breadcrumb\",\"itemListElement\":[{\"@type\":\"ListItem\",\"position\":1,\"name\":\"Accueil\",\"item\":\"https:\/\/futfutcollectif.fr\/\"},{\"@type\":\"ListItem\",\"position\":2,\"name\":\"PROJETS EN CREATION\"}]},{\"@type\":\"WebSite\",\"@id\":\"https:\/\/futfutcollectif.fr\/#website\",\"url\":\"https:\/\/futfutcollectif.fr\/\",\"name\":\"F\u00fct F\u00fct collectif\",\"description\":\"Groupement d&#039;excentriques associ\u00e9s\",\"publisher\":{\"@id\":\"https:\/\/futfutcollectif.fr\/#organization\"},\"potentialAction\":[{\"@type\":\"SearchAction\",\"target\":{\"@type\":\"EntryPoint\",\"urlTemplate\":\"https:\/\/futfutcollectif.fr\/?s={search_term_string}\"},\"query-input\":{\"@type\":\"PropertyValueSpecification\",\"valueRequired\":true,\"valueName\":\"search_term_string\"}}],\"inLanguage\":\"fr-FR\"},{\"@type\":\"Organization\",\"@id\":\"https:\/\/futfutcollectif.fr\/#organization\",\"name\":\"F\u00fct F\u00fct collectif\",\"url\":\"https:\/\/futfutcollectif.fr\/\",\"logo\":{\"@type\":\"ImageObject\",\"inLanguage\":\"fr-FR\",\"@id\":\"https:\/\/futfutcollectif.fr\/#\/schema\/logo\/image\/\",\"url\":\"https:\/\/futfutcollectif.fr\/wp-content\/uploads\/2019\/12\/futfutcollectifsite-internet-e1575997325447-1.jpg\",\"contentUrl\":\"https:\/\/futfutcollectif.fr\/wp-content\/uploads\/2019\/12\/futfutcollectifsite-internet-e1575997325447-1.jpg\",\"width\":200,\"height\":354,\"caption\":\"F\u00fct F\u00fct collectif\"},\"image\":{\"@id\":\"https:\/\/futfutcollectif.fr\/#\/schema\/logo\/image\/\"},\"sameAs\":[\"https:\/\/www.facebook.com\/F\u00fct-F\u00fct-collectif-102157784486357\/\",\"https:\/\/www.instagram.com\/futfutcollectif\/\"]}]}<\/script>\n<!-- \/ Yoast SEO plugin. -->","yoast_head_json":{"title":"PROJETS EN CREATION - F\u00fct F\u00fct collectif","robots":{"index":"index","follow":"follow","max-snippet":"max-snippet:-1","max-image-preview":"max-image-preview:large","max-video-preview":"max-video-preview:-1"},"canonical":"https:\/\/futfutcollectif.fr\/index.php\/projets-en-creation\/","og_locale":"fr_FR","og_type":"article","og_title":"PROJETS EN CREATION - F\u00fct F\u00fct collectif","og_url":"https:\/\/futfutcollectif.fr\/index.php\/projets-en-creation\/","og_site_name":"F\u00fct F\u00fct collectif","article_publisher":"https:\/\/www.facebook.com\/F%c3%bct-F%c3%bct-collectif-102157784486357\/","article_modified_time":"2025-09-20T13:54:55+00:00","twitter_card":"summary_large_image","twitter_misc":{"Dur\u00e9e de lecture estim\u00e9e":"2 minutes"},"schema":{"@context":"https:\/\/schema.org","@graph":[{"@type":"WebPage","@id":"https:\/\/futfutcollectif.fr\/index.php\/projets-en-creation\/","url":"https:\/\/futfutcollectif.fr\/index.php\/projets-en-creation\/","name":"PROJETS EN CREATION - F\u00fct F\u00fct collectif","isPartOf":{"@id":"https:\/\/futfutcollectif.fr\/#website"},"datePublished":"2024-06-21T05:34:40+00:00","dateModified":"2025-09-20T13:54:55+00:00","breadcrumb":{"@id":"https:\/\/futfutcollectif.fr\/index.php\/projets-en-creation\/#breadcrumb"},"inLanguage":"fr-FR","potentialAction":[{"@type":"ReadAction","target":["https:\/\/futfutcollectif.fr\/index.php\/projets-en-creation\/"]}]},{"@type":"BreadcrumbList","@id":"https:\/\/futfutcollectif.fr\/index.php\/projets-en-creation\/#breadcrumb","itemListElement":[{"@type":"ListItem","position":1,"name":"Accueil","item":"https:\/\/futfutcollectif.fr\/"},{"@type":"ListItem","position":2,"name":"PROJETS EN CREATION"}]},{"@type":"WebSite","@id":"https:\/\/futfutcollectif.fr\/#website","url":"https:\/\/futfutcollectif.fr\/","name":"F\u00fct F\u00fct collectif","description":"Groupement d&#039;excentriques associ\u00e9s","publisher":{"@id":"https:\/\/futfutcollectif.fr\/#organization"},"potentialAction":[{"@type":"SearchAction","target":{"@type":"EntryPoint","urlTemplate":"https:\/\/futfutcollectif.fr\/?s={search_term_string}"},"query-input":{"@type":"PropertyValueSpecification","valueRequired":true,"valueName":"search_term_string"}}],"inLanguage":"fr-FR"},{"@type":"Organization","@id":"https:\/\/futfutcollectif.fr\/#organization","name":"F\u00fct F\u00fct collectif","url":"https:\/\/futfutcollectif.fr\/","logo":{"@type":"ImageObject","inLanguage":"fr-FR","@id":"https:\/\/futfutcollectif.fr\/#\/schema\/logo\/image\/","url":"https:\/\/futfutcollectif.fr\/wp-content\/uploads\/2019\/12\/futfutcollectifsite-internet-e1575997325447-1.jpg","contentUrl":"https:\/\/futfutcollectif.fr\/wp-content\/uploads\/2019\/12\/futfutcollectifsite-internet-e1575997325447-1.jpg","width":200,"height":354,"caption":"F\u00fct F\u00fct collectif"},"image":{"@id":"https:\/\/futfutcollectif.fr\/#\/schema\/logo\/image\/"},"sameAs":["https:\/\/www.facebook.com\/F\u00fct-F\u00fct-collectif-102157784486357\/","https:\/\/www.instagram.com\/futfutcollectif\/"]}]}},"_links":{"self":[{"href":"https:\/\/futfutcollectif.fr\/index.php\/wp-json\/wp\/v2\/pages\/3554","targetHints":{"allow":["GET"]}}],"collection":[{"href":"https:\/\/futfutcollectif.fr\/index.php\/wp-json\/wp\/v2\/pages"}],"about":[{"href":"https:\/\/futfutcollectif.fr\/index.php\/wp-json\/wp\/v2\/types\/page"}],"author":[{"embeddable":true,"href":"https:\/\/futfutcollectif.fr\/index.php\/wp-json\/wp\/v2\/users\/1"}],"replies":[{"embeddable":true,"href":"https:\/\/futfutcollectif.fr\/index.php\/wp-json\/wp\/v2\/comments?post=3554"}],"version-history":[{"count":6,"href":"https:\/\/futfutcollectif.fr\/index.php\/wp-json\/wp\/v2\/pages\/3554\/revisions"}],"predecessor-version":[{"id":3862,"href":"https:\/\/futfutcollectif.fr\/index.php\/wp-json\/wp\/v2\/pages\/3554\/revisions\/3862"}],"wp:attachment":[{"href":"https:\/\/futfutcollectif.fr\/index.php\/wp-json\/wp\/v2\/media?parent=3554"}],"curies":[{"name":"wp","href":"https:\/\/api.w.org\/{rel}","templated":true}]}}