{"id":3566,"date":"2024-06-29T18:46:57","date_gmt":"2024-06-29T16:46:57","guid":{"rendered":"https:\/\/futfutcollectif.fr\/?page_id=3566"},"modified":"2026-03-24T14:43:49","modified_gmt":"2026-03-24T13:43:49","slug":"adhesion","status":"publish","type":"page","link":"https:\/\/futfutcollectif.fr\/index.php\/adhesion\/","title":{"rendered":"Adh\u00e9rer au F\u00fct-F\u00fct"},"content":{"rendered":"<p><div class=\"fusion-fullwidth fullwidth-box fusion-builder-row-1 fusion-flex-container nonhundred-percent-fullwidth non-hundred-percent-height-scrolling\" style=\"background-color: rgba(255,255,255,0);background-position: center center;background-repeat: no-repeat;border-width: 0px 0px 0px 0px;border-color:#e2e2e2;border-style:solid;\" ><div class=\"fusion-builder-row fusion-row fusion-flex-align-items-flex-start\" style=\"max-width:1248px;margin-left: calc(-4% \/ 2 );margin-right: calc(-4% \/ 2 );\"><div class=\"fusion-layout-column fusion_builder_column fusion-builder-column-0 fusion_builder_column_1_1 1_1 fusion-flex-column\"><div class=\"fusion-column-wrapper fusion-flex-justify-content-flex-start fusion-content-layout-column\" style=\"background-position:left top;background-repeat:no-repeat;-webkit-background-size:cover;-moz-background-size:cover;-o-background-size:cover;background-size:cover;padding: 0px 0px 0px 0px;\"><div class=\"fusion-text fusion-text-1\"><p>Adh\u00e9rer au F\u00fct-F\u00fct Collectif c&rsquo;est:<\/p>\n<p>&#8211; partager nos valeurs et nos conceptions du spectacle vivant<\/p>\n<p>&#8211; nous soutenir dans la r\u00e9alisation de nos cr\u00e9ations artistiques, nos r\u00e9sidences, l&rsquo;organisation d&rsquo;\u00e9v\u00e8nements publics<\/p>\n<p>&#8211; nous aider \u00e0 assurer le fonctionnement du collectif: embauches, logistique interne &#8230;<\/p>\n<\/div><div class=\"fusion-separator fusion-full-width-sep\" style=\"align-self: center;margin-left: auto;margin-right: auto;margin-top:2%;width:100%;\"><\/div><div class=\"fusion-text fusion-text-2\"><p>Droits et devoirs des adh\u00e9rents:<\/p>\n<p>&#8211; l&rsquo;adh\u00e9sion donne le droit de participer aux assembl\u00e9es g\u00e9n\u00e9rales annuelles du F\u00fct-F\u00fct Collectif, en tant que regard ext\u00e9rieur consultatif. Une invitation \u00e0 cette assembl\u00e9e g\u00e9n\u00e9rale sera envoy\u00e9e \u00e0 chaque adh\u00e9rent.e<\/p>\n<p>&#8211; les adh\u00e9rent.e.s peuvent \u00eatre inform\u00e9.e.s des activit\u00e9s du collectif: sorties de r\u00e9sidences, spectacles, \u00e9v\u00e8nements publics<\/p>\n<p>&#8211; les adh\u00e9rent.e.s peuvent \u00eatre b\u00e9n\u00e9voles sur des actions organis\u00e9es par le F\u00fct-F\u00fct Collectif<\/p>\n<p>&#8211; chaque adh\u00e9rent.e est libre de renouveler ou non son adh\u00e9sion \u00e0 la fin de la dur\u00e9e l\u00e9gale de celle-ci<\/p>\n<p>&#8211; devient adh\u00e9rent.e toute personne qui s&rsquo;acquitte d&rsquo;une cotisation et qui adh\u00e8re au r\u00e8glement int\u00e9rieur et aux status du F\u00fct-F\u00fct Collectif<\/p>\n<\/div><div class=\"fusion-separator fusion-full-width-sep\" style=\"align-self: center;margin-left: auto;margin-right: auto;margin-top:5%;width:100%;\"><\/div><\/div><style type=\"text\/css\">.fusion-body .fusion-builder-column-0{width:100% !important;margin-top : 0px;margin-bottom : 20px;}.fusion-builder-column-0 > .fusion-column-wrapper {padding-top : 0px !important;padding-right : 0px !important;margin-right : 1.92%;padding-bottom : 0px !important;padding-left : 0px !important;margin-left : 1.92%;}@media only screen and (max-width:1024px) {.fusion-body .fusion-builder-column-0{width:100% !important;order : 0;}.fusion-builder-column-0 > .fusion-column-wrapper {margin-right : 1.92%;margin-left : 1.92%;}}@media only screen and (max-width:640px) {.fusion-body .fusion-builder-column-0{width:100% !important;order : 0;}.fusion-builder-column-0 > .fusion-column-wrapper {margin-right : 1.92%;margin-left : 1.92%;}}<\/style><\/div><\/div><style type=\"text\/css\">.fusion-body .fusion-flex-container.fusion-builder-row-1{ padding-top : 0px;margin-top : 0px;padding-right : 0px;padding-bottom : 0px;margin-bottom : 0px;padding-left : 0px;}<\/style><\/div><div class=\"fusion-fullwidth fullwidth-box fusion-builder-row-2 fusion-flex-container nonhundred-percent-fullwidth non-hundred-percent-height-scrolling\" style=\"background-color: rgba(255,255,255,0);background-position: center center;background-repeat: no-repeat;border-width: 0px 0px 0px 0px;border-color:#e2e2e2;border-style:solid;\" ><div class=\"fusion-builder-row fusion-row fusion-flex-align-items-flex-start\" style=\"max-width:1248px;margin-left: calc(-4% \/ 2 );margin-right: calc(-4% \/ 2 );\"><div class=\"fusion-layout-column fusion_builder_column fusion-builder-column-1 fusion_builder_column_1_2 1_2 fusion-flex-column\"><div class=\"fusion-column-wrapper fusion-flex-justify-content-flex-start fusion-content-layout-column\" style=\"background-position:left top;background-repeat:no-repeat;-webkit-background-size:cover;-moz-background-size:cover;-o-background-size:cover;background-size:cover;padding: 0px 0px 0px 0px;\"><div class=\"fusion-text fusion-text-3\"><p>documents \u00e0 t\u00e9l\u00e9charger:<\/p>\n<\/div><\/div><style type=\"text\/css\">.fusion-body .fusion-builder-column-1{width:50% !important;margin-top : 0px;margin-bottom : 20px;}.fusion-builder-column-1 > .fusion-column-wrapper {padding-top : 0px !important;padding-right : 0px !important;margin-right : 3.84%;padding-bottom : 0px !important;padding-left : 0px !important;margin-left : 3.84%;}@media only screen and (max-width:1024px) {.fusion-body .fusion-builder-column-1{width:50% !important;order : 0;}.fusion-builder-column-1 > .fusion-column-wrapper {margin-right : 3.84%;margin-left : 3.84%;}}@media only screen and (max-width:640px) {.fusion-body .fusion-builder-column-1{width:100% !important;order : 0;}.fusion-builder-column-1 > .fusion-column-wrapper {margin-right : 1.92%;margin-left : 1.92%;}}<\/style><\/div><div class=\"fusion-layout-column fusion_builder_column fusion-builder-column-2 fusion_builder_column_1_2 1_2 fusion-flex-column\"><div class=\"fusion-column-wrapper fusion-flex-justify-content-flex-start fusion-content-layout-column\" style=\"background-position:left top;background-repeat:no-repeat;-webkit-background-size:cover;-moz-background-size:cover;-o-background-size:cover;background-size:cover;padding: 0px 0px 0px 0px;\"><div style=\"text-align:left;\"><a class=\"fusion-button button-flat button-small button-blue button-1 fusion-button-default-span fusion-button-default-type fusion-no-small-visibility\" target=\"_self\" href=\"https:\/\/futfutcollectif.fr\/wp-content\/uploads\/2024\/08\/Statuts-Fut-Fut.pdf\"><span class=\"fusion-button-text\">Statuts du collectif<\/span><\/a><\/div><\/div><style type=\"text\/css\">.fusion-body .fusion-builder-column-2{width:50% !important;margin-top : 0px;margin-bottom : 20px;}.fusion-builder-column-2 > .fusion-column-wrapper {padding-top : 0px !important;padding-right : 0px !important;margin-right : 3.84%;padding-bottom : 0px !important;padding-left : 0px !important;margin-left : 3.84%;}@media only screen and (max-width:1024px) {.fusion-body .fusion-builder-column-2{width:50% !important;order : 0;}.fusion-builder-column-2 > .fusion-column-wrapper {margin-right : 3.84%;margin-left : 3.84%;}}@media only screen and (max-width:640px) {.fusion-body .fusion-builder-column-2{width:100% !important;order : 0;}.fusion-builder-column-2 > .fusion-column-wrapper {margin-right : 1.92%;margin-left : 1.92%;}}<\/style><\/div><\/div><style type=\"text\/css\">.fusion-body .fusion-flex-container.fusion-builder-row-2{ padding-top : 0px;margin-top : 0px;padding-right : 0px;padding-bottom : 0px;margin-bottom : 0px;padding-left : 0px;}<\/style><\/div><div class=\"fusion-fullwidth fullwidth-box fusion-builder-row-3 fusion-flex-container nonhundred-percent-fullwidth non-hundred-percent-height-scrolling\" style=\"background-color: rgba(255,255,255,0);background-position: center center;background-repeat: no-repeat;border-width: 0px 0px 0px 0px;border-color:#e2e2e2;border-style:solid;\" ><div class=\"fusion-builder-row fusion-row fusion-flex-align-items-flex-start\" style=\"max-width:1248px;margin-left: calc(-4% \/ 2 );margin-right: calc(-4% \/ 2 );\"><div class=\"fusion-layout-column fusion_builder_column fusion-builder-column-3 fusion_builder_column_1_1 1_1 fusion-flex-column\"><div class=\"fusion-column-wrapper fusion-flex-justify-content-flex-start fusion-content-layout-column\" style=\"background-position:left top;background-repeat:no-repeat;-webkit-background-size:cover;-moz-background-size:cover;-o-background-size:cover;background-size:cover;padding: 0px 0px 0px 0px;\"><div class=\"fusion-separator fusion-full-width-sep\" style=\"align-self: center;margin-left: auto;margin-right: auto;margin-top:10%;width:100%;\"><\/div><div style=\"text-align:center;\"><style type=\"text\/css\">.fusion-button.button-2 .fusion-button-text {text-transform:none;}<\/style><a class=\"fusion-button button-flat button-xlarge button-orange button-2 fusion-button-span-yes fusion-button-default-type\" target=\"_self\" href=\"https:\/\/www.helloasso.com\/associations\/fut-fut-collectif\/adhesions\/bulletin-d-adhesion-au-fut-fut-collectif-2026\"><span class=\"fusion-button-text\">adh\u00e9rez<\/span><\/a><\/div><\/div><style type=\"text\/css\">.fusion-body .fusion-builder-column-3{width:100% !important;margin-top : 0px;margin-bottom : 20px;}.fusion-builder-column-3 > .fusion-column-wrapper {padding-top : 0px !important;padding-right : 0px !important;margin-right : 1.92%;padding-bottom : 0px !important;padding-left : 0px !important;margin-left : 1.92%;}@media only screen and (max-width:1024px) {.fusion-body .fusion-builder-column-3{width:100% !important;order : 0;}.fusion-builder-column-3 > .fusion-column-wrapper {margin-right : 1.92%;margin-left : 1.92%;}}@media only screen and (max-width:640px) {.fusion-body .fusion-builder-column-3{width:100% !important;order : 0;}.fusion-builder-column-3 > .fusion-column-wrapper {margin-right : 1.92%;margin-left : 1.92%;}}<\/style><\/div><\/div><style type=\"text\/css\">.fusion-body .fusion-flex-container.fusion-builder-row-3{ padding-top : 0px;margin-top : 0px;padding-right : 0px;padding-bottom : 0px;margin-bottom : 0px;padding-left : 0px;}<\/style><\/div><\/p>\n","protected":false},"excerpt":{"rendered":"","protected":false},"author":1,"featured_media":0,"parent":0,"menu_order":0,"comment_status":"closed","ping_status":"closed","template":"","meta":{"footnotes":""},"class_list":["post-3566","page","type-page","status-publish","hentry"],"yoast_head":"<!-- This site is optimized with the Yoast SEO plugin v23.5 - https:\/\/yoast.com\/wordpress\/plugins\/seo\/ -->\n<title>Adh\u00e9rer au F\u00fct-F\u00fct - F\u00fct F\u00fct collectif<\/title>\n<meta name=\"robots\" content=\"index, follow, max-snippet:-1, max-image-preview:large, max-video-preview:-1\" \/>\n<link rel=\"canonical\" href=\"https:\/\/futfutcollectif.fr\/index.php\/adhesion\/\" \/>\n<meta property=\"og:locale\" content=\"fr_FR\" \/>\n<meta property=\"og:type\" content=\"article\" \/>\n<meta property=\"og:title\" content=\"Adh\u00e9rer au F\u00fct-F\u00fct - F\u00fct F\u00fct collectif\" \/>\n<meta property=\"og:url\" content=\"https:\/\/futfutcollectif.fr\/index.php\/adhesion\/\" \/>\n<meta property=\"og:site_name\" content=\"F\u00fct F\u00fct collectif\" \/>\n<meta property=\"article:publisher\" content=\"https:\/\/www.facebook.com\/F%c3%bct-F%c3%bct-collectif-102157784486357\/\" \/>\n<meta property=\"article:modified_time\" content=\"2026-03-24T13:43:49+00:00\" \/>\n<meta name=\"twitter:card\" content=\"summary_large_image\" \/>\n<meta name=\"twitter:label1\" content=\"Dur\u00e9e de lecture estim\u00e9e\" \/>\n\t<meta name=\"twitter:data1\" content=\"6 minutes\" \/>\n<script type=\"application\/ld+json\" class=\"yoast-schema-graph\">{\"@context\":\"https:\/\/schema.org\",\"@graph\":[{\"@type\":\"WebPage\",\"@id\":\"https:\/\/futfutcollectif.fr\/index.php\/adhesion\/\",\"url\":\"https:\/\/futfutcollectif.fr\/index.php\/adhesion\/\",\"name\":\"Adh\u00e9rer au F\u00fct-F\u00fct - F\u00fct F\u00fct collectif\",\"isPartOf\":{\"@id\":\"https:\/\/futfutcollectif.fr\/#website\"},\"datePublished\":\"2024-06-29T16:46:57+00:00\",\"dateModified\":\"2026-03-24T13:43:49+00:00\",\"breadcrumb\":{\"@id\":\"https:\/\/futfutcollectif.fr\/index.php\/adhesion\/#breadcrumb\"},\"inLanguage\":\"fr-FR\",\"potentialAction\":[{\"@type\":\"ReadAction\",\"target\":[\"https:\/\/futfutcollectif.fr\/index.php\/adhesion\/\"]}]},{\"@type\":\"BreadcrumbList\",\"@id\":\"https:\/\/futfutcollectif.fr\/index.php\/adhesion\/#breadcrumb\",\"itemListElement\":[{\"@type\":\"ListItem\",\"position\":1,\"name\":\"Accueil\",\"item\":\"https:\/\/futfutcollectif.fr\/\"},{\"@type\":\"ListItem\",\"position\":2,\"name\":\"Adh\u00e9rer au F\u00fct-F\u00fct\"}]},{\"@type\":\"WebSite\",\"@id\":\"https:\/\/futfutcollectif.fr\/#website\",\"url\":\"https:\/\/futfutcollectif.fr\/\",\"name\":\"F\u00fct F\u00fct collectif\",\"description\":\"Groupement d&#039;excentriques associ\u00e9s\",\"publisher\":{\"@id\":\"https:\/\/futfutcollectif.fr\/#organization\"},\"potentialAction\":[{\"@type\":\"SearchAction\",\"target\":{\"@type\":\"EntryPoint\",\"urlTemplate\":\"https:\/\/futfutcollectif.fr\/?s={search_term_string}\"},\"query-input\":{\"@type\":\"PropertyValueSpecification\",\"valueRequired\":true,\"valueName\":\"search_term_string\"}}],\"inLanguage\":\"fr-FR\"},{\"@type\":\"Organization\",\"@id\":\"https:\/\/futfutcollectif.fr\/#organization\",\"name\":\"F\u00fct F\u00fct collectif\",\"url\":\"https:\/\/futfutcollectif.fr\/\",\"logo\":{\"@type\":\"ImageObject\",\"inLanguage\":\"fr-FR\",\"@id\":\"https:\/\/futfutcollectif.fr\/#\/schema\/logo\/image\/\",\"url\":\"https:\/\/futfutcollectif.fr\/wp-content\/uploads\/2019\/12\/futfutcollectifsite-internet-e1575997325447-1.jpg\",\"contentUrl\":\"https:\/\/futfutcollectif.fr\/wp-content\/uploads\/2019\/12\/futfutcollectifsite-internet-e1575997325447-1.jpg\",\"width\":200,\"height\":354,\"caption\":\"F\u00fct F\u00fct collectif\"},\"image\":{\"@id\":\"https:\/\/futfutcollectif.fr\/#\/schema\/logo\/image\/\"},\"sameAs\":[\"https:\/\/www.facebook.com\/F\u00fct-F\u00fct-collectif-102157784486357\/\",\"https:\/\/www.instagram.com\/futfutcollectif\/\"]}]}<\/script>\n<!-- \/ Yoast SEO plugin. -->","yoast_head_json":{"title":"Adh\u00e9rer au F\u00fct-F\u00fct - F\u00fct F\u00fct collectif","robots":{"index":"index","follow":"follow","max-snippet":"max-snippet:-1","max-image-preview":"max-image-preview:large","max-video-preview":"max-video-preview:-1"},"canonical":"https:\/\/futfutcollectif.fr\/index.php\/adhesion\/","og_locale":"fr_FR","og_type":"article","og_title":"Adh\u00e9rer au F\u00fct-F\u00fct - F\u00fct F\u00fct collectif","og_url":"https:\/\/futfutcollectif.fr\/index.php\/adhesion\/","og_site_name":"F\u00fct F\u00fct collectif","article_publisher":"https:\/\/www.facebook.com\/F%c3%bct-F%c3%bct-collectif-102157784486357\/","article_modified_time":"2026-03-24T13:43:49+00:00","twitter_card":"summary_large_image","twitter_misc":{"Dur\u00e9e de lecture estim\u00e9e":"6 minutes"},"schema":{"@context":"https:\/\/schema.org","@graph":[{"@type":"WebPage","@id":"https:\/\/futfutcollectif.fr\/index.php\/adhesion\/","url":"https:\/\/futfutcollectif.fr\/index.php\/adhesion\/","name":"Adh\u00e9rer au F\u00fct-F\u00fct - F\u00fct F\u00fct collectif","isPartOf":{"@id":"https:\/\/futfutcollectif.fr\/#website"},"datePublished":"2024-06-29T16:46:57+00:00","dateModified":"2026-03-24T13:43:49+00:00","breadcrumb":{"@id":"https:\/\/futfutcollectif.fr\/index.php\/adhesion\/#breadcrumb"},"inLanguage":"fr-FR","potentialAction":[{"@type":"ReadAction","target":["https:\/\/futfutcollectif.fr\/index.php\/adhesion\/"]}]},{"@type":"BreadcrumbList","@id":"https:\/\/futfutcollectif.fr\/index.php\/adhesion\/#breadcrumb","itemListElement":[{"@type":"ListItem","position":1,"name":"Accueil","item":"https:\/\/futfutcollectif.fr\/"},{"@type":"ListItem","position":2,"name":"Adh\u00e9rer au F\u00fct-F\u00fct"}]},{"@type":"WebSite","@id":"https:\/\/futfutcollectif.fr\/#website","url":"https:\/\/futfutcollectif.fr\/","name":"F\u00fct F\u00fct collectif","description":"Groupement d&#039;excentriques associ\u00e9s","publisher":{"@id":"https:\/\/futfutcollectif.fr\/#organization"},"potentialAction":[{"@type":"SearchAction","target":{"@type":"EntryPoint","urlTemplate":"https:\/\/futfutcollectif.fr\/?s={search_term_string}"},"query-input":{"@type":"PropertyValueSpecification","valueRequired":true,"valueName":"search_term_string"}}],"inLanguage":"fr-FR"},{"@type":"Organization","@id":"https:\/\/futfutcollectif.fr\/#organization","name":"F\u00fct F\u00fct collectif","url":"https:\/\/futfutcollectif.fr\/","logo":{"@type":"ImageObject","inLanguage":"fr-FR","@id":"https:\/\/futfutcollectif.fr\/#\/schema\/logo\/image\/","url":"https:\/\/futfutcollectif.fr\/wp-content\/uploads\/2019\/12\/futfutcollectifsite-internet-e1575997325447-1.jpg","contentUrl":"https:\/\/futfutcollectif.fr\/wp-content\/uploads\/2019\/12\/futfutcollectifsite-internet-e1575997325447-1.jpg","width":200,"height":354,"caption":"F\u00fct F\u00fct collectif"},"image":{"@id":"https:\/\/futfutcollectif.fr\/#\/schema\/logo\/image\/"},"sameAs":["https:\/\/www.facebook.com\/F\u00fct-F\u00fct-collectif-102157784486357\/","https:\/\/www.instagram.com\/futfutcollectif\/"]}]}},"_links":{"self":[{"href":"https:\/\/futfutcollectif.fr\/index.php\/wp-json\/wp\/v2\/pages\/3566","targetHints":{"allow":["GET"]}}],"collection":[{"href":"https:\/\/futfutcollectif.fr\/index.php\/wp-json\/wp\/v2\/pages"}],"about":[{"href":"https:\/\/futfutcollectif.fr\/index.php\/wp-json\/wp\/v2\/types\/page"}],"author":[{"embeddable":true,"href":"https:\/\/futfutcollectif.fr\/index.php\/wp-json\/wp\/v2\/users\/1"}],"replies":[{"embeddable":true,"href":"https:\/\/futfutcollectif.fr\/index.php\/wp-json\/wp\/v2\/comments?post=3566"}],"version-history":[{"count":20,"href":"https:\/\/futfutcollectif.fr\/index.php\/wp-json\/wp\/v2\/pages\/3566\/revisions"}],"predecessor-version":[{"id":3570,"href":"https:\/\/futfutcollectif.fr\/index.php\/wp-json\/wp\/v2\/pages\/3566\/revisions\/3570"}],"wp:attachment":[{"href":"https:\/\/futfutcollectif.fr\/index.php\/wp-json\/wp\/v2\/media?parent=3566"}],"curies":[{"name":"wp","href":"https:\/\/api.w.org\/{rel}","templated":true}]}}