{"id":3826,"date":"2025-03-11T12:26:45","date_gmt":"2025-03-11T11:26:45","guid":{"rendered":"https:\/\/futfutcollectif.fr\/?page_id=3826"},"modified":"2026-03-24T15:29:55","modified_gmt":"2026-03-24T14:29:55","slug":"formes-courtes","status":"publish","type":"page","link":"https:\/\/futfutcollectif.fr\/index.php\/formes-courtes\/","title":{"rendered":"FORMES COURTES"},"content":{"rendered":"<div class=\"fusion-fullwidth fullwidth-box fusion-builder-row-1 fusion-flex-container nonhundred-percent-fullwidth non-hundred-percent-height-scrolling\" style=\"background-color: rgba(255,255,255,0);background-position: center center;background-repeat: no-repeat;border-width: 0px 0px 0px 0px;border-color:#e2e2e2;border-style:solid;\" ><div class=\"fusion-builder-row fusion-row fusion-flex-align-items-flex-start\" style=\"max-width:1248px;margin-left: calc(-4% \/ 2 );margin-right: calc(-4% \/ 2 );\"><div class=\"fusion-layout-column fusion_builder_column fusion-builder-column-0 fusion_builder_column_1_1 1_1 fusion-flex-column\"><div class=\"fusion-column-wrapper fusion-flex-justify-content-flex-start fusion-content-layout-column\" style=\"background-position:left top;background-repeat:no-repeat;-webkit-background-size:cover;-moz-background-size:cover;-o-background-size:cover;background-size:cover;padding: 0px 0px 0px 0px;\"><div class=\"fusion-text fusion-text-1\"><h1>Formes Courtes<\/h1>\n<\/div><div class=\"fusion-recent-works fusion-portfolio-element fusion-portfolio fusion-portfolio-1 fusion-portfolio-grid fusion-portfolio-paging-pagination fusion-portfolio-two fusion-portfolio-no_text fusion-portfolio-rollover\" data-id=\"-rw-1\" data-columns=\"two\"><style type=\"text\/css\">.fusion-portfolio-1 .fusion-portfolio-wrapper .fusion-col-spacing{padding:15px;}<\/style><div class=\"fusion-portfolio-wrapper\" id=\"fusion-portfolio-1\" data-picturesize=\"fixed\" data-pages=\"1\" style=\"margin:-15px;\"><article id=\"portfolio-1-post-4104\" class=\"fusion-portfolio-post formes-courtes fusion-col-spacing post-4104\"><div class=\"fusion-portfolio-content-wrapper\" style=\"border:none;\"><span class=\"entry-title rich-snippet-hidden\">DIS DONC ENEE<\/span><span class=\"vcard rich-snippet-hidden\"><span class=\"fn\"><a href=\"https:\/\/futfutcollectif.fr\/index.php\/author\/admin1697\/\" title=\"Articles par admin1697\" rel=\"author\">admin1697<\/a><\/span><\/span><span class=\"updated rich-snippet-hidden\">2026-01-17T11:57:09+01:00<\/span>\n\n<div  class=\"fusion-image-wrapper fusion-image-size-fixed\" aria-haspopup=\"true\">\n\t\n\t\n\t\n\t\t\n\t\t\t\t\t<img decoding=\"async\" width=\"460\" height=\"295\" src=\"https:\/\/futfutcollectif.fr\/wp-content\/uploads\/2026\/01\/disdoncenee-3-460x295.jpg\" class=\"attachment-portfolio-two size-portfolio-two wp-post-image\" alt=\"\" \/>\n\t\n\n\t\t<div class=\"fusion-rollover\">\n\t<div class=\"fusion-rollover-content\">\n\n\t\t\t\t\n\t\t\n\t\t\t\t\t\t\t\t\t\t\t\t<h4 class=\"fusion-rollover-title\">\n\t\t\t\t\t<a class=\"fusion-rollover-title-link\" href=\"https:\/\/futfutcollectif.fr\/index.php\/portfolio-items\/dis-donc-enee\/?portfolioCats=62\">\n\t\t\t\t\t\tDIS DONC ENEE\t\t\t\t\t<\/a>\n\t\t\t\t<\/h4>\n\t\t\t\n\t\t\t\t\t\t\t\t\n\t\t\n\t\t\t\t\t\t<a class=\"fusion-link-wrapper\" href=\"https:\/\/futfutcollectif.fr\/index.php\/portfolio-items\/dis-donc-enee\/?portfolioCats=62\" aria-label=\"DIS DONC ENEE\"><\/a>\n\t<\/div>\n<\/div>\n\n\t\n<\/div>\n<\/div><\/article><article id=\"portfolio-1-post-4005\" class=\"fusion-portfolio-post formes-courtes fusion-col-spacing post-4005\"><div class=\"fusion-portfolio-content-wrapper\" style=\"border:none;\"><span class=\"entry-title rich-snippet-hidden\">INDECILE<\/span><span class=\"vcard rich-snippet-hidden\"><span class=\"fn\"><a href=\"https:\/\/futfutcollectif.fr\/index.php\/author\/admin1697\/\" title=\"Articles par admin1697\" rel=\"author\">admin1697<\/a><\/span><\/span><span class=\"updated rich-snippet-hidden\">2026-02-28T16:31:55+01:00<\/span>\n\n<div  class=\"fusion-image-wrapper fusion-image-size-fixed\" aria-haspopup=\"true\">\n\t\n\t\n\t\n\t\t\n\t\t\t\t\t<img decoding=\"async\" width=\"460\" height=\"295\" src=\"https:\/\/futfutcollectif.fr\/wp-content\/uploads\/2025\/09\/IMG_6877-460x295.jpeg\" class=\"attachment-portfolio-two size-portfolio-two wp-post-image\" alt=\"\" \/>\n\t\n\n\t\t<div class=\"fusion-rollover\">\n\t<div class=\"fusion-rollover-content\">\n\n\t\t\t\t\n\t\t\n\t\t\t\t\t\t\t\t\t\t\t\t<h4 class=\"fusion-rollover-title\">\n\t\t\t\t\t<a class=\"fusion-rollover-title-link\" href=\"https:\/\/futfutcollectif.fr\/index.php\/portfolio-items\/indecile\/?portfolioCats=62\">\n\t\t\t\t\t\tINDECILE\t\t\t\t\t<\/a>\n\t\t\t\t<\/h4>\n\t\t\t\n\t\t\t\t\t\t\t\t\n\t\t\n\t\t\t\t\t\t<a class=\"fusion-link-wrapper\" href=\"https:\/\/futfutcollectif.fr\/index.php\/portfolio-items\/indecile\/?portfolioCats=62\" aria-label=\"INDECILE\"><\/a>\n\t<\/div>\n<\/div>\n\n\t\n<\/div>\n<\/div><\/article><article id=\"portfolio-1-post-3809\" class=\"fusion-portfolio-post formes-courtes fusion-col-spacing post-3809\"><div class=\"fusion-portfolio-content-wrapper\" style=\"border:none;\"><span class=\"entry-title rich-snippet-hidden\">LA PR\u00c9PARATION<\/span><span class=\"vcard rich-snippet-hidden\"><span class=\"fn\"><a href=\"https:\/\/futfutcollectif.fr\/index.php\/author\/admin1697\/\" title=\"Articles par admin1697\" rel=\"author\">admin1697<\/a><\/span><\/span><span class=\"updated rich-snippet-hidden\">2025-11-07T17:26:31+01:00<\/span>\n\n<div  class=\"fusion-image-wrapper fusion-image-size-fixed\" aria-haspopup=\"true\">\n\t\n\t\n\t\n\t\t\n\t\t\t\t\t<img decoding=\"async\" width=\"460\" height=\"295\" src=\"https:\/\/futfutcollectif.fr\/wp-content\/uploads\/2025\/03\/Juju_La-Preparation-460x295.jpg\" class=\"attachment-portfolio-two size-portfolio-two wp-post-image\" alt=\"\" \/>\n\t\n\n\t\t<div class=\"fusion-rollover\">\n\t<div class=\"fusion-rollover-content\">\n\n\t\t\t\t\n\t\t\n\t\t\t\t\t\t\t\t\t\t\t\t<h4 class=\"fusion-rollover-title\">\n\t\t\t\t\t<a class=\"fusion-rollover-title-link\" href=\"https:\/\/futfutcollectif.fr\/index.php\/portfolio-items\/la-preparation\/?portfolioCats=62\">\n\t\t\t\t\t\tLA PR\u00c9PARATION\t\t\t\t\t<\/a>\n\t\t\t\t<\/h4>\n\t\t\t\n\t\t\t\t\t\t\t\t\n\t\t\n\t\t\t\t\t\t<a class=\"fusion-link-wrapper\" href=\"https:\/\/futfutcollectif.fr\/index.php\/portfolio-items\/la-preparation\/?portfolioCats=62\" aria-label=\"LA PR\u00c9PARATION\"><\/a>\n\t<\/div>\n<\/div>\n\n\t\n<\/div>\n<\/div><\/article><article id=\"portfolio-1-post-1342\" class=\"fusion-portfolio-post formes-courtes fusion-col-spacing post-1342\"><div class=\"fusion-portfolio-content-wrapper\" style=\"border:none;\"><span class=\"entry-title rich-snippet-hidden\">LE NOMBRIL DE LA ROSE<\/span><span class=\"vcard rich-snippet-hidden\"><span class=\"fn\"><a href=\"https:\/\/futfutcollectif.fr\/index.php\/author\/admin1697\/\" title=\"Articles par admin1697\" rel=\"author\">admin1697<\/a><\/span><\/span><span class=\"updated rich-snippet-hidden\">2026-03-24T15:26:54+01:00<\/span>\n\n<div  class=\"fusion-image-wrapper fusion-image-size-fixed\" aria-haspopup=\"true\">\n\t\n\t\n\t\n\t\t\n\t\t\t\t\t<img decoding=\"async\" width=\"460\" height=\"295\" src=\"https:\/\/futfutcollectif.fr\/wp-content\/uploads\/2026\/03\/Photo-nombril-rose-460x295.jpg\" class=\"attachment-portfolio-two size-portfolio-two wp-post-image\" alt=\"\" \/>\n\t\n\n\t\t<div class=\"fusion-rollover\">\n\t<div class=\"fusion-rollover-content\">\n\n\t\t\t\t\n\t\t\n\t\t\t\t\t\t\t\t\t\t\t\t<h4 class=\"fusion-rollover-title\">\n\t\t\t\t\t<a class=\"fusion-rollover-title-link\" href=\"https:\/\/futfutcollectif.fr\/index.php\/portfolio-items\/le-nombril-de-la-rose\/?portfolioCats=62\">\n\t\t\t\t\t\tLE NOMBRIL DE LA ROSE\t\t\t\t\t<\/a>\n\t\t\t\t<\/h4>\n\t\t\t\n\t\t\t\t\t\t\t\t\n\t\t\n\t\t\t\t\t\t<a class=\"fusion-link-wrapper\" href=\"https:\/\/futfutcollectif.fr\/index.php\/portfolio-items\/le-nombril-de-la-rose\/?portfolioCats=62\" aria-label=\"LE NOMBRIL DE LA ROSE\"><\/a>\n\t<\/div>\n<\/div>\n\n\t\n<\/div>\n<\/div><\/article><\/div><\/div><\/div><style type=\"text\/css\">.fusion-body .fusion-builder-column-0{width:100% !important;margin-top : 0px;margin-bottom : 20px;}.fusion-builder-column-0 > .fusion-column-wrapper {padding-top : 0px !important;padding-right : 0px !important;margin-right : 1.92%;padding-bottom : 0px !important;padding-left : 0px !important;margin-left : 1.92%;}@media only screen and (max-width:1024px) {.fusion-body .fusion-builder-column-0{width:100% !important;order : 0;}.fusion-builder-column-0 > .fusion-column-wrapper {margin-right : 1.92%;margin-left : 1.92%;}}@media only screen and (max-width:640px) {.fusion-body .fusion-builder-column-0{width:100% !important;order : 0;}.fusion-builder-column-0 > .fusion-column-wrapper {margin-right : 1.92%;margin-left : 1.92%;}}<\/style><\/div><\/div><style type=\"text\/css\">.fusion-body .fusion-flex-container.fusion-builder-row-1{ padding-top : 0px;margin-top : 0px;padding-right : 0px;padding-bottom : 0px;margin-bottom : 0px;padding-left : 0px;}<\/style><\/div>\n","protected":false},"excerpt":{"rendered":"","protected":false},"author":1,"featured_media":0,"parent":0,"menu_order":0,"comment_status":"closed","ping_status":"closed","template":"","meta":{"footnotes":""},"class_list":["post-3826","page","type-page","status-publish","hentry"],"yoast_head":"<!-- This site is optimized with the Yoast SEO plugin v23.5 - https:\/\/yoast.com\/wordpress\/plugins\/seo\/ -->\n<title>FORMES COURTES - F\u00fct F\u00fct collectif<\/title>\n<meta name=\"robots\" content=\"index, follow, max-snippet:-1, max-image-preview:large, max-video-preview:-1\" \/>\n<link rel=\"canonical\" href=\"https:\/\/futfutcollectif.fr\/index.php\/formes-courtes\/\" \/>\n<meta property=\"og:locale\" content=\"fr_FR\" \/>\n<meta property=\"og:type\" content=\"article\" \/>\n<meta property=\"og:title\" content=\"FORMES COURTES - F\u00fct F\u00fct collectif\" \/>\n<meta property=\"og:url\" content=\"https:\/\/futfutcollectif.fr\/index.php\/formes-courtes\/\" \/>\n<meta property=\"og:site_name\" content=\"F\u00fct F\u00fct collectif\" \/>\n<meta property=\"article:publisher\" content=\"https:\/\/www.facebook.com\/F%c3%bct-F%c3%bct-collectif-102157784486357\/\" \/>\n<meta property=\"article:modified_time\" content=\"2026-03-24T14:29:55+00:00\" \/>\n<meta name=\"twitter:card\" content=\"summary_large_image\" \/>\n<meta name=\"twitter:label1\" content=\"Dur\u00e9e de lecture estim\u00e9e\" \/>\n\t<meta name=\"twitter:data1\" content=\"2 minutes\" \/>\n<script type=\"application\/ld+json\" class=\"yoast-schema-graph\">{\"@context\":\"https:\/\/schema.org\",\"@graph\":[{\"@type\":\"WebPage\",\"@id\":\"https:\/\/futfutcollectif.fr\/index.php\/formes-courtes\/\",\"url\":\"https:\/\/futfutcollectif.fr\/index.php\/formes-courtes\/\",\"name\":\"FORMES COURTES - F\u00fct F\u00fct collectif\",\"isPartOf\":{\"@id\":\"https:\/\/futfutcollectif.fr\/#website\"},\"datePublished\":\"2025-03-11T11:26:45+00:00\",\"dateModified\":\"2026-03-24T14:29:55+00:00\",\"breadcrumb\":{\"@id\":\"https:\/\/futfutcollectif.fr\/index.php\/formes-courtes\/#breadcrumb\"},\"inLanguage\":\"fr-FR\",\"potentialAction\":[{\"@type\":\"ReadAction\",\"target\":[\"https:\/\/futfutcollectif.fr\/index.php\/formes-courtes\/\"]}]},{\"@type\":\"BreadcrumbList\",\"@id\":\"https:\/\/futfutcollectif.fr\/index.php\/formes-courtes\/#breadcrumb\",\"itemListElement\":[{\"@type\":\"ListItem\",\"position\":1,\"name\":\"Accueil\",\"item\":\"https:\/\/futfutcollectif.fr\/\"},{\"@type\":\"ListItem\",\"position\":2,\"name\":\"FORMES COURTES\"}]},{\"@type\":\"WebSite\",\"@id\":\"https:\/\/futfutcollectif.fr\/#website\",\"url\":\"https:\/\/futfutcollectif.fr\/\",\"name\":\"F\u00fct F\u00fct collectif\",\"description\":\"Groupement d&#039;excentriques associ\u00e9s\",\"publisher\":{\"@id\":\"https:\/\/futfutcollectif.fr\/#organization\"},\"potentialAction\":[{\"@type\":\"SearchAction\",\"target\":{\"@type\":\"EntryPoint\",\"urlTemplate\":\"https:\/\/futfutcollectif.fr\/?s={search_term_string}\"},\"query-input\":{\"@type\":\"PropertyValueSpecification\",\"valueRequired\":true,\"valueName\":\"search_term_string\"}}],\"inLanguage\":\"fr-FR\"},{\"@type\":\"Organization\",\"@id\":\"https:\/\/futfutcollectif.fr\/#organization\",\"name\":\"F\u00fct F\u00fct collectif\",\"url\":\"https:\/\/futfutcollectif.fr\/\",\"logo\":{\"@type\":\"ImageObject\",\"inLanguage\":\"fr-FR\",\"@id\":\"https:\/\/futfutcollectif.fr\/#\/schema\/logo\/image\/\",\"url\":\"https:\/\/futfutcollectif.fr\/wp-content\/uploads\/2019\/12\/futfutcollectifsite-internet-e1575997325447-1.jpg\",\"contentUrl\":\"https:\/\/futfutcollectif.fr\/wp-content\/uploads\/2019\/12\/futfutcollectifsite-internet-e1575997325447-1.jpg\",\"width\":200,\"height\":354,\"caption\":\"F\u00fct F\u00fct collectif\"},\"image\":{\"@id\":\"https:\/\/futfutcollectif.fr\/#\/schema\/logo\/image\/\"},\"sameAs\":[\"https:\/\/www.facebook.com\/F\u00fct-F\u00fct-collectif-102157784486357\/\",\"https:\/\/www.instagram.com\/futfutcollectif\/\"]}]}<\/script>\n<!-- \/ Yoast SEO plugin. -->","yoast_head_json":{"title":"FORMES COURTES - F\u00fct F\u00fct collectif","robots":{"index":"index","follow":"follow","max-snippet":"max-snippet:-1","max-image-preview":"max-image-preview:large","max-video-preview":"max-video-preview:-1"},"canonical":"https:\/\/futfutcollectif.fr\/index.php\/formes-courtes\/","og_locale":"fr_FR","og_type":"article","og_title":"FORMES COURTES - F\u00fct F\u00fct collectif","og_url":"https:\/\/futfutcollectif.fr\/index.php\/formes-courtes\/","og_site_name":"F\u00fct F\u00fct collectif","article_publisher":"https:\/\/www.facebook.com\/F%c3%bct-F%c3%bct-collectif-102157784486357\/","article_modified_time":"2026-03-24T14:29:55+00:00","twitter_card":"summary_large_image","twitter_misc":{"Dur\u00e9e de lecture estim\u00e9e":"2 minutes"},"schema":{"@context":"https:\/\/schema.org","@graph":[{"@type":"WebPage","@id":"https:\/\/futfutcollectif.fr\/index.php\/formes-courtes\/","url":"https:\/\/futfutcollectif.fr\/index.php\/formes-courtes\/","name":"FORMES COURTES - F\u00fct F\u00fct collectif","isPartOf":{"@id":"https:\/\/futfutcollectif.fr\/#website"},"datePublished":"2025-03-11T11:26:45+00:00","dateModified":"2026-03-24T14:29:55+00:00","breadcrumb":{"@id":"https:\/\/futfutcollectif.fr\/index.php\/formes-courtes\/#breadcrumb"},"inLanguage":"fr-FR","potentialAction":[{"@type":"ReadAction","target":["https:\/\/futfutcollectif.fr\/index.php\/formes-courtes\/"]}]},{"@type":"BreadcrumbList","@id":"https:\/\/futfutcollectif.fr\/index.php\/formes-courtes\/#breadcrumb","itemListElement":[{"@type":"ListItem","position":1,"name":"Accueil","item":"https:\/\/futfutcollectif.fr\/"},{"@type":"ListItem","position":2,"name":"FORMES COURTES"}]},{"@type":"WebSite","@id":"https:\/\/futfutcollectif.fr\/#website","url":"https:\/\/futfutcollectif.fr\/","name":"F\u00fct F\u00fct collectif","description":"Groupement d&#039;excentriques associ\u00e9s","publisher":{"@id":"https:\/\/futfutcollectif.fr\/#organization"},"potentialAction":[{"@type":"SearchAction","target":{"@type":"EntryPoint","urlTemplate":"https:\/\/futfutcollectif.fr\/?s={search_term_string}"},"query-input":{"@type":"PropertyValueSpecification","valueRequired":true,"valueName":"search_term_string"}}],"inLanguage":"fr-FR"},{"@type":"Organization","@id":"https:\/\/futfutcollectif.fr\/#organization","name":"F\u00fct F\u00fct collectif","url":"https:\/\/futfutcollectif.fr\/","logo":{"@type":"ImageObject","inLanguage":"fr-FR","@id":"https:\/\/futfutcollectif.fr\/#\/schema\/logo\/image\/","url":"https:\/\/futfutcollectif.fr\/wp-content\/uploads\/2019\/12\/futfutcollectifsite-internet-e1575997325447-1.jpg","contentUrl":"https:\/\/futfutcollectif.fr\/wp-content\/uploads\/2019\/12\/futfutcollectifsite-internet-e1575997325447-1.jpg","width":200,"height":354,"caption":"F\u00fct F\u00fct collectif"},"image":{"@id":"https:\/\/futfutcollectif.fr\/#\/schema\/logo\/image\/"},"sameAs":["https:\/\/www.facebook.com\/F\u00fct-F\u00fct-collectif-102157784486357\/","https:\/\/www.instagram.com\/futfutcollectif\/"]}]}},"_links":{"self":[{"href":"https:\/\/futfutcollectif.fr\/index.php\/wp-json\/wp\/v2\/pages\/3826","targetHints":{"allow":["GET"]}}],"collection":[{"href":"https:\/\/futfutcollectif.fr\/index.php\/wp-json\/wp\/v2\/pages"}],"about":[{"href":"https:\/\/futfutcollectif.fr\/index.php\/wp-json\/wp\/v2\/types\/page"}],"author":[{"embeddable":true,"href":"https:\/\/futfutcollectif.fr\/index.php\/wp-json\/wp\/v2\/users\/1"}],"replies":[{"embeddable":true,"href":"https:\/\/futfutcollectif.fr\/index.php\/wp-json\/wp\/v2\/comments?post=3826"}],"version-history":[{"count":6,"href":"https:\/\/futfutcollectif.fr\/index.php\/wp-json\/wp\/v2\/pages\/3826\/revisions"}],"predecessor-version":[{"id":4215,"href":"https:\/\/futfutcollectif.fr\/index.php\/wp-json\/wp\/v2\/pages\/3826\/revisions\/4215"}],"wp:attachment":[{"href":"https:\/\/futfutcollectif.fr\/index.php\/wp-json\/wp\/v2\/media?parent=3826"}],"curies":[{"name":"wp","href":"https:\/\/api.w.org\/{rel}","templated":true}]}}